{"id":63,"date":"2021-04-27T18:44:04","date_gmt":"2021-04-27T16:44:04","guid":{"rendered":"http:\/\/remibef.cluster029.hosting.ovh.net\/?page_id=63"},"modified":"2025-11-29T21:56:37","modified_gmt":"2025-11-29T20:56:37","slug":"publication-list","status":"publish","type":"page","link":"http:\/\/remiberard.fr\/index.php\/publication-list\/","title":{"rendered":"Publication list"},"content":{"rendered":"\n<hr class=\"wp-block-separator is-style-wide\"\/>\n\n\n\n<p><strong>Articles&nbsp;:<\/strong><\/p>\n\n\n\n<p>R\u00e9mi B\u00e9rard,&nbsp;Capucine Sassoye, H\u00e9l\u00e8ne Terrisse,&nbsp;Patricia Bertoncini,&nbsp;Bernard Humbert,&nbsp;Sophie Cassaignon,&nbsp;Sophie Le Ca\u00ebr<a href=\"https:\/\/pubmed.ncbi.nlm.nih.gov\/?term=Le+Ca%C3%ABr+S&amp;cauthor_id=39039729\" data-type=\"URL\" data-id=\"https:\/\/pubmed.ncbi.nlm.nih.gov\/?term=Le+Ca%C3%ABr+S&amp;cauthor_id=39039729\">,<\/a> \u00ab\u00a0<a rel=\"noreferrer noopener\" href=\"https:\/\/pubs.acs.org\/doi\/10.1021\/acs.langmuir.4c01447\" data-type=\"URL\" data-id=\"https:\/\/pubs.acs.org\/doi\/10.1021\/acs.langmuir.4c01447\" target=\"_blank\">Effect of Crystalline Phase and Facet Nature on the Adsorption of Phosphate Species onto TiO<sub>2<\/sub> Nanoparticles<\/a>\u00a0\u00bb ,Langmuir, 2024 <\/p>\n\n\n\n<p>R.B\u00e9rard, V.Garofano, C. Joblin, L. Stafford, K. Makasheva,<a rel=\"noreferrer noopener\" href=\"http:\/\/Layer-by-layer structured nanocomposite deposits from plasma-synthesized organosilicon nanoparticles and organosilicon nanoparticles decorated with Ag nanoparticles by taking advantage of cyclic nanoparticle formation in Ar\/HMDSO reactive plasmas\" data-type=\"URL\" target=\"_blank\"> <\/a><a href=\"https:\/\/doi.org\/10.3389\/fnano.2024.1337571\" data-type=\"URL\" data-id=\"https:\/\/doi.org\/10.3389\/fnano.2024.1337571\">\u00ab\u00a0Layer-by-layer structured nanocomposite deposits from plasma-synthesized organosilicon nanoparticles and organosilicon nanoparticles decorated with Ag nanoparticles by taking advantage of cyclic nanoparticle formation in Ar\/HMDSO reactive plasmas<\/a>\u00ab\u00a0,Frontiers in nanotechnology, 6, 2024 <\/p>\n\n\n\n<p>R. B\u00e9rard, K. Makasheva, K. Demyk, A.Simon, D. Nu\u00f1ez Reyes, F.Mastrorocco , H. Sabbah and C. Joblin, \u201c<a rel=\"noreferrer noopener\" href=\"https:\/\/doi.org\/10.3389\/fspas.2021.654879\" data-type=\"URL\" data-id=\"https:\/\/doi.org\/10.3389\/fspas.2021.654879\" target=\"_blank\">Impact of Metals on (Star)Dust Chemistry: A Laboratory Astrophysics Approach<\/a>\u201d, Frontiers in Astronomy and Space Sciences, 8, 34&nbsp; 2021.<\/p>\n\n\n\n<p>V. Garofano, R. B\u00e9rard, X. Glad, C. Joblin, K. Makasheva, and L. Stafford, \u201c<a href=\"https:\/\/doi.org\/10.1002\/ppap.201900044\" data-type=\"URL\" data-id=\"https:\/\/doi.org\/10.1002\/ppap.201900044\" target=\"_blank\" rel=\"noreferrer noopener\">Time-resolved analysis of the precursor fragmentation kinetics in an hybrid PVD\/PECVD dusty plasma with pulsed injection of HMDSO<\/a><em>\u201d, Plasma processes and polymer<\/em>, 16(11), 1900044, 2019<em>.<\/em><\/p>\n\n\n\n<p>V. Garofano, R. B\u00e9rard, S. Boivin, C. Joblin, K. Makasheva, and L. Stafford, \u201c<a href=\"https:\/\/doi.org\/10.1088\/1361-6595\/ab07cc\" data-type=\"URL\" data-id=\"https:\/\/doi.org\/10.1088\/1361-6595\/ab07cc\" target=\"_blank\" rel=\"noreferrer noopener\">Multi-scale investigation in the frequency domain of Ar\/HMDSO dusty plasma with pulsed injection of HMDSO<\/a>\u201d, <em>Plasma Source sciences and technology<\/em>, 28(5), 055019 (16pp), 2019.<\/p>\n\n\n\n<p><\/p>\n\n\n\n<p><strong>PhD Thesis&nbsp;:<\/strong><\/p>\n\n\n\n<p>R.B\u00e9rard, \u201c<a href=\"https:\/\/utheme.univ-tlse3.fr\/s\/fr\/item\/4498\" data-type=\"URL\" data-id=\"https:\/\/utheme.univ-tlse3.fr\/s\/fr\/item\/4498\" target=\"_blank\" rel=\"noreferrer noopener\">Formation and growth by plasma of laboratory stardust analogues: investigation of the role of the C\/O ratio and metals<\/a>\u201d, University of Toulouse: Paul Sabatier, 2019 <\/p>\n\n\n\n<p><strong>Proceedings :<\/strong><\/p>\n\n\n\n<p>R. B\u00e9rard, K. Makasheva, H. Sabbah, K. Demyk and C. Joblin, \u201c<a href=\"https:\/\/doi.org\/10.1017\/S1743921319008457\" data-type=\"URL\" data-id=\"https:\/\/doi.org\/10.1017\/S1743921319008457\">Using cold plasma to investigate the mechanisms involved in cosmic dust formation: role of the C\/O ratio and metals<\/a>,\u201d Proceedings IAU Symposium No. 350, 2019.<\/p>\n\n\n\n<p><strong>Oral presentation in international conferences&nbsp;:<\/strong><\/p>\n\n\n\n<p>R. B\u00e9rard, V. Garofano, C. Joblin, K. Demyk, L. Stafford, and K. Makasheva, \u00ab&nbsp;Synth\u00e8se par plasma r\u00e9actif de nanoparticules di\u00e9lectriques d\u00e9cor\u00e9es de nanograins d\u2019argent&nbsp;\u00bb, <em>6<sup>e<\/sup> Atelier du IRN \u00ab&nbsp;Nanomat\u00e9riaux Multifonctionnels Contr\u00f4l\u00e9s \u2013 NMC\u00bb<\/em>, may 22<sup>th <\/sup>\u201324<sup>th <\/sup>&nbsp;2019, Jouvence, Canada.<\/p>\n\n\n\n<p>R. Berard, K. Makasheva, H. Sabbah, K. Demyk and C. Joblin, \u201cUsing cold plasma to investigate the mechanisms involved in cosmic dust formation: role of C\/O ratio and metals,\u201d <em>First International Astronomical Union Symposium on Laboratory Astrophysics, IAUS 350: Laboratory Astrophysics: from Observations to Interpretation<\/em>, April 14<sup>th<\/sup> -19<sup>th<\/sup> , 2019, Cambridge &#8211; UK.<\/p>\n\n\n\n<p>K. Makasheva, R. B\u00e9rard, H. Sabbah, K. Demyk, and C. Joblin, \u201cCosmic dust analogues in plasmas,\u201d <em>International Conference on Energetic processing of large molecules and interstellar dust (EPoLM-4)<\/em>, March 4<sup>th<\/sup>-6<sup>th<\/sup>, 2019, Madrid, Spain.<\/p>\n\n\n\n<p>V. Garofano, R. B\u00e9rard, L. Stafford, B. Despax, C. Joblin, and K. Makasheva, \u201cParametric study of the electron temperature and electron density in low-pressure RF dusty plasmas with pulsed injection of HMDSO,\u201d <em>23<sup>rd<\/sup> International Symposium on Plasma Chemistry (<\/em><em>ISPC23)<\/em>, July 30<sup>th<\/sup> \u2013 August 4<sup>th<\/sup> , 2017, Montreal, Canada.<\/p>\n\n\n\n<p>V.Garofano, R.B\u00e9rard, L.Stafford, B.Despax, F.Gaboriau, C.Joblin and K.Makasheva, \u00ab&nbsp;Investigating the formation of nanoparticles in HMDSO-based dusty plasma with pulsed injection of the precursor with application to deposition of nanocomposite layers&nbsp;\u00bb, The 8th Symposium on Functional Coatings et Surface Engineering, June 4<sup>th<\/sup> -7<sup>th<\/sup> &nbsp;2017, Montreal-Canada.<\/p>\n\n\n\n<p><strong>Oral presentation in national conferences<\/strong><\/p>\n\n\n\n<p>R.B\u00e9rard, V.Garofano, C. Joblin, K.Demyk, L. Stafford and K. Makasheva, \u00ab&nbsp;Synth\u00e8se par plasma r\u00e9actif de nanoparticules di\u00e9lectriques d\u00e9cor\u00e9es de nanograins d\u2019argent&nbsp;\u00bb, <em>GDRI Nanomat\u00e9riaux Multifonctionnels control\u00e9<\/em>, May 22<sup>th<\/sup>-24<sup>th<\/sup>, 2019, Montr\u00e9al, Canada<\/p>\n\n\n\n<p>R. B\u00e9rard, K. Makasheva, H. Sabbah, and C. Joblin, \u00ab&nbsp;Probing the impact of the C\/O ratio and metals on the properties of dust particles in a cold plasma reactor&nbsp;\u00bb, <em>Physique et Chimie du Milieu Interstellaire (PCMI)<\/em>, June 25<sup>th<\/sup> \u201329<sup>th<\/sup> , 2018, Marseille, France.<\/p>\n\n\n\n<p>V. Garofano, R. B\u00e9rard, S. Boivin, C. Joblin, L. Stafford, and K. Makasheva, \u00ab&nbsp;Etude spectroscopique r\u00e9solue dans le temps du comportement dynamique d\u2019un plasma RF contenant des nanoparticules&nbsp;\u00bb, <em>5<sup>e<\/sup> Atelier <\/em><em>du GDRI \u00ab&nbsp;Nanomat\u00e9riaux Multifonctionnels Contr\u00f4l\u00e9s \u2013 NMC\u00bb<\/em>, May 14<sup>th<\/sup> \u2013 16<sup>th<\/sup> 2018, Argeles-sur-mer, France.<\/p>\n\n\n\n<p><strong>Poster presentation:<\/strong><\/p>\n\n\n\n<p>R. Berard, V. Garofano, L. Stafford, H. Sabbah, K. Demyk, K. Makasheva, and C.&nbsp;Joblin, \u201cAttempt to catch the C\/O transition in dust formation in cold plasma experiments,\u201d <em>Cosmic Dust: origin, applications &amp; implications<\/em><em> (CPHDUST 2018)<\/em>, June 11<sup>th<\/sup> \u201315<sup>th<\/sup> , 2018, Copenhagen, Danemark.<\/p>\n\n\n\n<p>V. Garofano, R. B\u00e9rard, S. Boivin, C. Joblin, K. Makasheva, and L. Stafford, \u201cTime resolved investigation of dynamical dusty argon plasmas with pulsed injection of HMDSO,\u201d <em>19<sup>th<\/sup> International Congress on Plasma Physics (ICPP)<\/em>, June 4<sup>th<\/sup>\u20138<sup>th<\/sup> , 2018, Vancouver, Canada.<\/p>\n\n\n\n<p>V. Garofano, R. B\u00e9rard, L. Stafford, C. Joblin, and K. Makasheva, \u201cCyclic growth dynamics of nanoparticles in low-pressure rf dusty plasmas,\u201d <em>XXXIII ICPIG<\/em>, July 9<sup>th<\/sup> -14<sup>th<\/sup> , 2017, Estoril\/Lisbon, Portugal.<\/p>\n\n\n\n<p>R. B\u00e9rard, M. Carlos, V. Garofano, H. Sabbah, K. Demyk, L. Stafford, K. Makasheva, and C. Joblin, \u201cInterstellar dust analogues synthesized in plasma,\u201d <em>Nanocosmos interstellar dust meeting <\/em>et <em>International Conference on Energetic processing of large molecules and interstellar dust (EPoLM\u20113)<\/em>, June 12<sup>th<\/sup> -16<sup>th<\/sup> , 2017, Toulouse, France.<\/p>\n\n\n\n<p>V. Garofano, R. B\u00e9rard, L. Stafford, B. Despax, C. Joblin, and K. Makasheva, \u00ab&nbsp;\u00c9tude de l\u2019influence imm\u00e9diate de l\u2019injection puls\u00e9e du pr\u00e9curseur HMDSO sur la temp\u00e9rature \u00e9lectronique et les populations des diff\u00e9rentes esp\u00e8ces dans un plasma hybride PVD\/PECVD poussi\u00e9reux&nbsp;\u00bb <em>Colloque Plasma-Qu\u00e9bec<\/em>, May 17<sup>th<\/sup> -18<sup>th<\/sup>, 2017, Montr\u00e9al, Qu\u00e9bec, Canada.<\/p>\n\n\n\n<p>K. Makasheva, L. Stafford, R. B\u00e9rard, V. Garofano, F. Gaboriau, H. Sabbah and C. Joblin, \u00ab&nbsp;Dynamique de formation de nanoparticules dans les plasmas hautement r\u00e9actifs \u00e0 pression r\u00e9duite pour la synth\u00e8se contr\u00f4l\u00e9e de couches minces nanostructur\u00e9es multifonctionnelles&nbsp;\u00bb, <em>Troisi\u00e8me Atelier \u00ab&nbsp;GDRI-NMC&nbsp;\u00bb<\/em>, December 8<sup>th<\/sup>-9<sup>th<\/sup> 2016, Toulouse, France. <strong><\/strong><\/p>\n\n\n\n<p>R. B\u00e9rard, V. Garofano, C. Joblin, H. Sabbah, K. Demyk, L. Stafford, and K.&nbsp;Makasheva, \u201cInvestigating the impact of C\/O on dust formation in cold plasma reactors,\u201d <em>European Conference of Laboratory Astrophysics (<\/em><em>ECLA 2016)<\/em>, November 21<sup>th<\/sup>\u201325<sup>th<\/sup>, 2016, Madrid, Spain.<\/p>\n\n\n\n<p><strong>Local presentation:<\/strong><\/p>\n\n\n\n<p>R.B\u00e9rard, K.Makasheva, and C.Joblin, \u00ab&nbsp;Production of stardust analogues in a cold plasma reactor&nbsp;\u00bb, <em>Journ\u00e9es Scientifiques et Techniques de l\u2019IRAP<\/em>, February 22<sup>th<\/sup>, 2018, Toulouse-France. <strong>Oral<\/strong><\/p>\n\n\n\n<p>R.B\u00e9rard, V.Garofano, L.Stafford, H.Sabbah, K.Demyk, K.Makasheva and C.Joblin, \u00ab&nbsp;Investigating chemical pathways for the formation of stardust using laboratory plasmas&nbsp;\u00bb, <em>Journ\u00e9e de l\u2019\u00e9cole doctorale<\/em> <em>Sciences de l\u2019Univers de l\u2019Environnement et de l\u2019Espace<\/em>, April 24<sup>th<\/sup> 2018, Toulouse \u2013 France.&nbsp; <strong>Poster<\/strong><\/p>\n\n\n\n<p>R.B\u00e9rard, K.Makasheva, and C.Joblin, \u00ab&nbsp;Formation and growth of laboratory analogues of cosmic dust : function of metals and C\/O ratio exploration&nbsp;\u00bb, <em>Journ\u00e9e des Th\u00e8se IRAP<\/em>, June 21<sup>th<\/sup>,&nbsp; 2017, Toulouse-France.<strong> Oral and poster<\/strong><\/p>\n\n\n\n<p>R.B\u00e9rard, V.Garofano, M.Carlos, H.Sabbah, K.Demyk, L.Stafford, K.Makasheva and C.Joblin, \u00ab&nbsp;Interstellar dust analogues synthesized in plasma&nbsp;\u00bb, <em>Journ\u00e9e des doctorants Sciences de l\u2019Univers de l\u2019Environnement et de l\u2019Espace<\/em>, April 20<sup>th<\/sup>, 2017, Toulouse-France <strong>Oral and poster<\/strong><\/p>\n\n\n\n<p><strong>Public outreach<\/strong><\/p>\n\n\n\n<p>R.B\u00e9rard, \u201c<a rel=\"noreferrer noopener\" href=\"https:\/\/youtu.be\/-eryQSIbbA8\" data-type=\"URL\" data-id=\"https:\/\/youtu.be\/-eryQSIbbA8\" target=\"_blank\">Des petits atomes aux petites poussi\u00e8res&nbsp;: danse avec les \u00e9toiles<\/a>.\u201d Regional final, for the \u00ab&nbsp;My thesis in 180 seconds&nbsp;\u00bb contest, March 25<sup>th<\/sup> 2019, Toulouse \u2013 France. A 3 min French speech on public available on YouTube<\/p>\n","protected":false},"excerpt":{"rendered":"<p>Articles&nbsp;: R\u00e9mi B\u00e9rard,&nbsp;Capucine Sassoye, H\u00e9l\u00e8ne Terrisse,&nbsp;Patricia Bertoncini,&nbsp;Bernard Humbert,&nbsp;Sophie Cassaignon,&nbsp;Sophie Le Ca\u00ebr, \u00ab\u00a0Effect of Crystalline Phase and Facet Nature on the&hellip; <a class=\"read-more\" href=\"http:\/\/remiberard.fr\/index.php\/publication-list\/\">Continuer la lecture<\/a><\/p>\n","protected":false},"author":1,"featured_media":0,"parent":0,"menu_order":0,"comment_status":"closed","ping_status":"closed","template":"","meta":[],"_links":{"self":[{"href":"http:\/\/remiberard.fr\/index.php\/wp-json\/wp\/v2\/pages\/63"}],"collection":[{"href":"http:\/\/remiberard.fr\/index.php\/wp-json\/wp\/v2\/pages"}],"about":[{"href":"http:\/\/remiberard.fr\/index.php\/wp-json\/wp\/v2\/types\/page"}],"author":[{"embeddable":true,"href":"http:\/\/remiberard.fr\/index.php\/wp-json\/wp\/v2\/users\/1"}],"replies":[{"embeddable":true,"href":"http:\/\/remiberard.fr\/index.php\/wp-json\/wp\/v2\/comments?post=63"}],"version-history":[{"count":10,"href":"http:\/\/remiberard.fr\/index.php\/wp-json\/wp\/v2\/pages\/63\/revisions"}],"predecessor-version":[{"id":168,"href":"http:\/\/remiberard.fr\/index.php\/wp-json\/wp\/v2\/pages\/63\/revisions\/168"}],"wp:attachment":[{"href":"http:\/\/remiberard.fr\/index.php\/wp-json\/wp\/v2\/media?parent=63"}],"curies":[{"name":"wp","href":"https:\/\/api.w.org\/{rel}","templated":true}]}}